{"id":1193,"date":"2014-02-02T11:54:17","date_gmt":"2014-02-02T09:54:17","guid":{"rendered":"http:\/\/www.tanergunes.org\/tr\/?page_id=110"},"modified":"2014-02-02T11:54:17","modified_gmt":"2014-02-02T09:54:17","slug":"diz-artrozu-kireclenmesi","status":"publish","type":"page","link":"https:\/\/tanergunes.org\/index.php\/hastalar-icin-2\/diz-artrozu-kireclenmesi\/","title":{"rendered":"Diz artrozu (kire\u00e7lenmesi)"},"content":{"rendered":"<p>Dizdeki kire\u00e7lenme (artroz) tedavisinde ilek se\u00e7enek ameliyat d\u0131\u015f\u0131 tedavidir. E\u011fer ameliyat d\u0131\u015f\u0131 tedavi ba\u015far\u0131s\u0131z olursa ameliyat gerekli olabilir. Farkl\u0131 ameliyat y\u00f6ntemleri oldu\u011fundan hangi ameliyat\u0131n size uygun olup olmad\u0131\u011f\u0131na doktorunuzla birlikte karar vermeniz gerklidir. Diz artrozunda ameliyat yap\u0131lmas\u0131n\u0131n amac\u0131, dizdeki a\u011fr\u0131n\u0131n giderilmesi, fonksiyonlar\u0131n art\u0131r\u0131lmas\u0131 ve d\u011fer \u015fikayetlein giderilmesidir. Genel olarak ameliyat y\u00f6ntemleri, artroskopi, osteotomi ve protezdir.<\/p>\n<p>Artroskopi<\/p>\n<p>Artroskopi diz etraf\u0131na a\u00e7\u0131lan k\u00fc\u00e7\u00fck deliklerden diz i\u00e7ine sokulan k\u00fc\u00e7\u00fck aletler yard\u0131m\u0131 ile yap\u0131lan bir i\u015flemdir. Artroskop denilen ince kaelm kal\u0131nl\u0131\u011f\u0131ndaki alet dizin i\u00e7ine sokularak g\u00f6r\u00fcnt\u00fc elde edilir ve bu g\u00f6r\u00fcnt\u00fc bir monit\u00f6re yans\u0131t\u0131larak i\u015flem ger\u00e7ekle\u015ftirilir. \u0130\u015flemlerin yap\u0131labilmesi i\u00e7in ek aletlereihtiya\u00e7 vard\u0131r. Yine k\u00fc\u00e7\u00fck kesilere uygun kesiciler, tutucular, tra\u015flay\u0131c\u0131lar ve di\u011fer aletler kullan\u0131larak diz i\u00e7indeki sorun giderilir.<br \/>\nArtrozlu bir dizde, hasarl\u0131 k\u0131k\u0131rdak d\u00fczg\u00fcnle\u015ftirilebilir, serbest k\u0131k\u0131rdak ar\u00e7lar\u0131 varsa \u00e7\u0131kart\u0131labilir, y\u0131rt\u0131k menisk\u00fcsler varsa temizlenebilir ve eklem i\u00e7inde var olan art\u0131k maddeler diz y\u0131kanarak temizlenir.<br \/>\nE\u011fer hastan\u0131n ya\u015f\u0131 gen\u00e7 ise (\u00f6rne\u011fin 55 ya\u015f alt\u0131nda) artroskopi ile \u015fikayetler azalt\u0131larak daha b\u00fcy\u00fck ameliyatlar geciktirilebilir. Ancak her artroz hastas\u0131 artroskopiden fayda g\u00f6recektir \u015feklinde bir kural yoktur. Artroskopiden hastan\u0131n fayda g\u00f6r\u00fcp g\u00fcrmeyece\u011fini doktorunuz belirleyecektir.<br \/>\nArtroskopi di\u011fer y\u00f6ntemlere g\u00f6re daha k\u00fc\u00e7\u00fck bir ameliyat olsa da sonu\u00e7ta ameliyatt\u0131r ve baz\u0131 riskler ta\u015f\u0131yabilir. Anesteziye ba\u011fl\u0131 sorunlar, enfeksiyon, damar-sinir yaralanmas\u0131, damar i\u00e7inde kan p\u0131ht\u0131la\u015fmas\u0131 ve yara izi gibi sorunlar olduk\u00e7a az g\u00f6r\u00fclse de artroskopide s\u00f6z konusu olan risklerdir.<\/p>\n<p>Osteotomiler<\/p>\n<p>Osteotomi kelime anlam\u0131 olarak kemi\u011fin kesilmesi demektir. Ancak i\u015flem olarak diz artrozunda diz etraf\u0131ndaki kemiklerin kesilerek baz\u0131 d\u00fczeltmelerin ayp\u0131lmas\u0131 ve b\u00f6ylece baca\u011f\u0131n uzunlamas\u0131na e\u011friliklerinin d\u00fczeltilerek diz \u00fczerine gelen y\u00fck\u00fcn da\u011f\u0131l\u0131m\u0131n\u0131n d\u00fczeltilmesi ve dizdeki k\u0131k\u0131rda\u011f\u0131n rahatlat\u0131lmas\u0131d\u0131r. E\u011fer artroz dizin i\u00e7 veya d\u0131\u015f k\u0131sm\u0131nda tek bir tarafta ise dizin genelinde yayg\u0131n de\u011filse, osteotomi hasta i\u00e7in faydal\u0131 olabilir.<br \/>\n\u00d6rne\u011fin dizin i\u00e7 k\u0131sm\u0131nda artroz var ve d\u0131\u015f k\u0131sm\u0131 sa\u011fl\u0131kl\u0131 ise, dizin alt\u0131ndaki kemikten yap\u0131lacak bir ostetomi ve d\u00fczetlme ile dizin i\u00e7 k\u0131sm\u0131ndaki v\u00fccud y\u00fck\u00fc dizin sa\u011fl\u0131kl\u0131 olan d\u0131\u015f k\u0131sm\u0131na al\u0131n\u0131r ve i\u00e7 k\u0131s\u0131daki a\u015f\u0131nm\u0131\u015f olan k\u0131k\u0131rdak rahatlat\u0131l\u0131r. Bu sayede hastan\u0131n \u015fikayetleri d\u00fczelirken k\u0131k\u0131rdak a\u015f\u0131nmas\u0131da yava\u015flat\u0131l\u0131r ve hastan\u0131n kendi dizini daha uzun s\u00fcreli kullanmas\u0131 m\u00fcmk\u00fcn hale gelir.<br \/>\nOsteotomi sonras\u0131nda hastan\u0131n kemi\u011finde kaynama beklendi\u011finden hastan\u0131n bir s\u00fcre aya\u011f\u0131 \u00fczerine basmas\u0131 m\u00fcmk\u00fcn olmaz. Ameliyat tekni\u011fini ba\u011fl\u0131 olarak bu s\u00fcre de\u011fi\u015febilir. Ancak kaynama meydana geldikten sonra hasta ayn\u0131 baca\u011f\u0131n\u0131 daha iy kullanabilir.<br \/>\nT\u00fcm ameliyatlarda oldu\u011fu gibi osteotominin de kendine g\u00f6re riskleri mevcuttur. Anesteziye ba\u011fl\u0131 sorunlar, damar i\u00e7inde kan p\u0131ht\u0131la\u015fmas\u0131, sinir hasar\u0131, dol\u015fa\u0131m sorunlar\u0131, kaynamama ve yara izi gibi. Ayr\u0131ca osteotomi sonras\u0131nda ameliyat olan bacak ile olmayan bacak aras\u0131nda g\u00f6r\u00fcn\u00fcm farkl\u0131l\u0131\u011f\u0131 ortaya \u00e7\u0131kar.<\/p>\n<p>Protez Ameliyatlar\u0131<\/p>\n<p>Protez ameliyatlar\u0131 dizin de\u011fi\u015ftirilme ameliyatlar\u0131d\u0131r. Uygun \u00fcretilmi\u015f malzemeler sayesinde dizdeki bozuk k\u0131s\u0131mlar \u00e7\u0131kar\u0131larak protez par\u00e7alar\u0131 ile de\u011fi\u015ftirilir di\u011fer bir de\u011fi\u015f ile diz yeniden olu\u015fturulur. E\u011fer dizinizde artroz yayg\u0131nsa, istirhatte dahi a\u011fr\u0131n\u0131z varsa, y\u00fcr\u00fcme mesafeniz olduk\u00e7a k\u0131salm\u0131\u015f ise ve en \u00f6nemlisi. dizinizdeki artroz nedeni ile g\u00fcnl\u00fck ya\u015fam\u0131n\u0131z bozulmu\u015f ve ya\u015fam kaliteniz azalm\u0131\u015f ise protez ameliyat\u0131 sizini\u00e7in uygun olabilir.<br \/>\nBazen artroz dizinizin belli bir k\u0131sm\u0131nda olabilir ve protez sadece o b\u00f6lgeye yerle\u015ftirilebilir. Bazende yayg\u0131nd\u0131r ve dizinizin tam\u0131m\u0131n\u0131n de\u011fi\u015fmesi gerekebilir.<br \/>\nProtez metal ve \u00f6zel plasti\u011fe benzer maddelerden \u00f6zel olarak y\u00fcksek teknoloji ile \u00fcretilmi\u015f par\u00e7alardan meydana gelir. Genellikle dize kemik \u00e7imentosu denilen bir dolgu malzemesi kullan\u0131larak bu par\u00e7alar sabitlenir. \u00c7imentosuz olarak da yap\u0131lanlar\u0131 vard\u0131r.<br \/>\nProtez ameliyatlar\u0131n\u0131n sonu\u00e7lar\u0131 genellikle m\u00fckemmeldir. Hasta ameliyat sonras\u0131na a\u011fr\u0131lar\u0131nan kurtulur ve g\u00fcnl\u00fck foksiyonlar\u0131n\u0131 yeniden kazanabilir. Ameliyat sonras\u0131 3-6 ay s\u00fcren rehabilitasyon d\u00f6ne\u00f6i vard\u0131r. Ancak hastalar\u0131n erken d\u00f6nemde (1-2 g\u00fcn) aya\u011fa kalk\u0131p y\u00fcr\u00fcmeleri m\u00fcmk\u00fcnd\u00fcr. G\u00fcn\u00fcm\u00fczde 10-15 y\u0131ll\u0131k s\u00fcrede %90-95 oran\u0131nda ba\u015far\u0131l\u0131 sonu\u00e7lar elde etmek m\u00fcmk\u00fcnd\u00fcr.<br \/>\nProtez geri d\u00f6n\u00fc\u015f\u00fc olmayan bir ameliyatt\u0131r. K\u00fc\u00e7\u00fck bir ameliyat de\u011fildir. Bu nedenle elde ba\u015fka se\u00e7enek kalmam\u0131\u015fsa uygulanmas\u0131 uygundur. Protez ameliyatlar\u0131n\u0131n sonu\u00e7lar\u0131 genellikle m\u00fckemmeldir. Hasta ameliyat sonras\u0131na a\u011fr\u0131lar\u0131nan kurtulur ve g\u00fcnl\u00fck foksiyonlar\u0131n\u0131 yeniden kazanabilir. Ameliyat sonras\u0131 3-6 ay s\u00fcren rehabilitasyon d\u00f6ne\u00f6i vard\u0131r. Ancak hastalar\u0131n erken d\u00f6nemde (1-2 g\u00fcn) aya\u011fa kalk\u0131p y\u00fcr\u00fcmeleri m\u00fcmk\u00fcnd\u00fcr. G\u00fcn\u00fcm\u00fczde 10-15 y\u0131ll\u0131k s\u00fcrede %90-95 oran\u0131nda ba\u015far\u0131l\u0131 sonu\u00e7lar elde etmek m\u00fcmk\u00fcnd\u00fcr.<br \/>\nProtez geri d\u00f6n\u00fc\u015f\u00fc olmayan bir ameliyatt\u0131r. K\u00fc\u00e7\u00fck bir ameliyat de\u011fildir. Bu nedenle elde ba\u015fka se\u00e7enek kalmam\u0131\u015fsa uygulanmas\u0131 uygundur.<\/p>\n","protected":false},"excerpt":{"rendered":"<p>Dizdeki kire\u00e7lenme (artroz) tedavisinde ilek se\u00e7enek ameliyat d\u0131\u015f\u0131 tedavidir. E\u011fer ameliyat d\u0131\u015f\u0131 tedavi ba\u015far\u0131s\u0131z olursa ameliyat gerekli olabilir. Farkl\u0131 ameliyat y\u00f6ntemleri oldu\u011fundan hangi ameliyat\u0131n size uygun olup olmad\u0131\u011f\u0131na doktorunuzla birlikte karar vermeniz gerklidir. Diz artrozunda ameliyat yap\u0131lmas\u0131n\u0131n amac\u0131, dizdeki a\u011fr\u0131n\u0131n giderilmesi, fonksiyonlar\u0131n art\u0131r\u0131lmas\u0131 ve d\u011fer \u015fikayetlein giderilmesidir. Genel olarak ameliyat y\u00f6ntemleri, artroskopi, osteotomi ve protezdir. &hellip; <\/p>\n<p class=\"link-more\"><a href=\"https:\/\/tanergunes.org\/index.php\/hastalar-icin-2\/diz-artrozu-kireclenmesi\/\" class=\"more-link\">Continue reading<span class=\"screen-reader-text\"> &#8220;Diz artrozu (kire\u00e7lenmesi)&#8221;<\/span><\/a><\/p>\n","protected":false},"author":1,"featured_media":0,"parent":1188,"menu_order":0,"comment_status":"closed","ping_status":"open","template":"","meta":{"footnotes":""},"class_list":["post-1193","page","type-page","status-publish","hentry"],"_links":{"self":[{"href":"https:\/\/tanergunes.org\/index.php\/wp-json\/wp\/v2\/pages\/1193","targetHints":{"allow":["GET"]}}],"collection":[{"href":"https:\/\/tanergunes.org\/index.php\/wp-json\/wp\/v2\/pages"}],"about":[{"href":"https:\/\/tanergunes.org\/index.php\/wp-json\/wp\/v2\/types\/page"}],"author":[{"embeddable":true,"href":"https:\/\/tanergunes.org\/index.php\/wp-json\/wp\/v2\/users\/1"}],"replies":[{"embeddable":true,"href":"https:\/\/tanergunes.org\/index.php\/wp-json\/wp\/v2\/comments?post=1193"}],"version-history":[{"count":0,"href":"https:\/\/tanergunes.org\/index.php\/wp-json\/wp\/v2\/pages\/1193\/revisions"}],"up":[{"embeddable":true,"href":"https:\/\/tanergunes.org\/index.php\/wp-json\/wp\/v2\/pages\/1188"}],"wp:attachment":[{"href":"https:\/\/tanergunes.org\/index.php\/wp-json\/wp\/v2\/media?parent=1193"}],"curies":[{"name":"wp","href":"https:\/\/api.w.org\/{rel}","templated":true}]}}