{"id":759,"date":"2018-02-04T11:40:21","date_gmt":"2018-02-04T09:40:21","guid":{"rendered":"https:\/\/www.tanergunes.org\/tr\/?page_id=759"},"modified":"2020-07-10T11:35:34","modified_gmt":"2020-07-10T08:35:34","slug":"omuz-artroskopisi","status":"publish","type":"page","link":"https:\/\/tanergunes.org\/index.php\/videolar\/hastalar-icin\/omuz-artroskopisi\/","title":{"rendered":"Omuz Artroskopisi"},"content":{"rendered":"\n<figure class=\"wp-block-video\"><video controls poster=\"https:\/\/tanergunes.org\/wp-content\/uploads\/2018\/02\/vlcsnap-2018-02-04-15h36m55s220.png\" src=\"https:\/\/tanergunes.org\/wp-content\/uploads\/2018\/02\/Omuz-artroskopisi-nedir_.mp4\"><\/video><figcaption><strong>Omuz Artroskopisi nedir ?<\/strong><\/figcaption><\/figure>\n\n\n\n<figure class=\"wp-block-video\"><video controls poster=\"https:\/\/tanergunes.org\/wp-content\/uploads\/2018\/02\/vlcsnap-2018-02-04-15h36m06s291.png\" src=\"https:\/\/tanergunes.org\/wp-content\/uploads\/2018\/02\/Omuz-artroskopisi-kimlere-yap\u0131l\u0131r_.mp4\"><\/video><figcaption><strong>Omuz Artroskopisi kimlere yap\u0131l\u0131r ?<\/strong><\/figcaption><\/figure>\n\n\n\n<figure class=\"wp-block-video\"><video controls poster=\"https:\/\/tanergunes.org\/wp-content\/uploads\/2018\/02\/vlcsnap-2018-02-04-15h36m31s882.png\" src=\"https:\/\/tanergunes.org\/wp-content\/uploads\/2018\/02\/Omuz-artroskopisi-nas\u0131l-yap\u0131l\u0131r_.mp4\"><\/video><figcaption><strong>Omuz Artroskopisi nas\u0131l yap\u0131l\u0131r ?<\/strong><\/figcaption><\/figure>\n\n\n\n<figure class=\"wp-block-video\"><video controls poster=\"https:\/\/tanergunes.org\/wp-content\/uploads\/2018\/02\/vlcsnap-2018-02-04-15h37m13s756.png\" src=\"https:\/\/tanergunes.org\/wp-content\/uploads\/2018\/02\/Omuz-artroskopisi-sonras\u0131-hastan\u0131n-iyile\u015fme-s\u00fcreci-nas\u0131ld\u0131r_.mp4\"><\/video><figcaption><strong>\u0130yile\u015fme s\u00fcreci nas\u0131ld\u0131r ?<\/strong><\/figcaption><\/figure>\n\n\n\n<figure class=\"wp-block-video\"><video controls poster=\"https:\/\/tanergunes.org\/wp-content\/uploads\/2020\/07\/OmuzRehab.png\" src=\"https:\/\/tanergunes.org\/wp-content\/uploads\/2018\/02\/Omuz-artroskopisi-sonras\u0131-rehabilitasyon-s\u00fcreci-nas\u0131ld\u0131r_.mp4\"><\/video><figcaption><strong>Rehbilitasyon s\u00fcreci nas\u0131ld\u0131r ?<\/strong><\/figcaption><\/figure>\n\n\n\n<figure class=\"wp-block-video\"><video controls poster=\"https:\/\/tanergunes.org\/wp-content\/uploads\/2018\/02\/vlcsnap-2018-02-04-15h37m34s869.png\" src=\"https:\/\/tanergunes.org\/wp-content\/uploads\/2018\/02\/Omuz-artroskopisi-sonras\u0131-iz-kal\u0131r-m\u0131_.mp4\"><\/video><figcaption><strong>Omuz ARtroskopisi sonras\u0131nda iz kal\u0131r m\u0131 ?<\/strong><\/figcaption><\/figure>\n","protected":false},"excerpt":{"rendered":"","protected":false},"author":1,"featured_media":0,"parent":674,"menu_order":0,"comment_status":"closed","ping_status":"closed","template":"","meta":{"footnotes":""},"class_list":["post-759","page","type-page","status-publish","hentry"],"_links":{"self":[{"href":"https:\/\/tanergunes.org\/index.php\/wp-json\/wp\/v2\/pages\/759","targetHints":{"allow":["GET"]}}],"collection":[{"href":"https:\/\/tanergunes.org\/index.php\/wp-json\/wp\/v2\/pages"}],"about":[{"href":"https:\/\/tanergunes.org\/index.php\/wp-json\/wp\/v2\/types\/page"}],"author":[{"embeddable":true,"href":"https:\/\/tanergunes.org\/index.php\/wp-json\/wp\/v2\/users\/1"}],"replies":[{"embeddable":true,"href":"https:\/\/tanergunes.org\/index.php\/wp-json\/wp\/v2\/comments?post=759"}],"version-history":[{"count":3,"href":"https:\/\/tanergunes.org\/index.php\/wp-json\/wp\/v2\/pages\/759\/revisions"}],"predecessor-version":[{"id":1509,"href":"https:\/\/tanergunes.org\/index.php\/wp-json\/wp\/v2\/pages\/759\/revisions\/1509"}],"up":[{"embeddable":true,"href":"https:\/\/tanergunes.org\/index.php\/wp-json\/wp\/v2\/pages\/674"}],"wp:attachment":[{"href":"https:\/\/tanergunes.org\/index.php\/wp-json\/wp\/v2\/media?parent=759"}],"curies":[{"name":"wp","href":"https:\/\/api.w.org\/{rel}","templated":true}]}}